{"id":140,"date":"2021-09-22T08:24:59","date_gmt":"2021-09-22T08:24:59","guid":{"rendered":"https:\/\/eswe-plattform.kirschkonkret.de\/?page_id=140"},"modified":"2023-03-31T16:33:31","modified_gmt":"2023-03-31T16:33:31","slug":"hilfestellung","status":"publish","type":"page","link":"https:\/\/eswe-plattform.kirschkonkret.de\/?page_id=140","title":{"rendered":"Hilfestellung"},"content":{"rendered":"\n<p>Wie entscheide ich mich f\u00fcr die richtige Kundenkontaktart in den Strichlisten?<\/p>\n\n\n\n<figure class=\"wp-block-table is-style-stripes\"><table class=\"has-fixed-layout\"><thead><tr><th class=\"has-text-align-left\" data-align=\"left\">Kundenkontaktart<\/th><th class=\"has-text-align-left\" data-align=\"left\">Beschreibung<\/th><\/tr><\/thead><tbody><tr><td class=\"has-text-align-left\" data-align=\"left\">Ticketverkauf<\/td><td class=\"has-text-align-left\" data-align=\"left\">Alle verkauften Bartickets<\/td><\/tr><tr><td class=\"has-text-align-left\" data-align=\"left\">St\u00f6rungen \/ Versp\u00e4tungen<\/td><td class=\"has-text-align-left\" data-align=\"left\">Ausk\u00fcnfte zu St\u00f6rungen und Versp\u00e4tungen im Busangebot<\/td><\/tr><tr><td class=\"has-text-align-left\" data-align=\"left\">Fundsachen<\/td><td class=\"has-text-align-left\" data-align=\"left\">Anfragen zu Fundsachen<\/td><\/tr><tr><td class=\"has-text-align-left\" data-align=\"left\">Fahrplanauskunft<\/td><td class=\"has-text-align-left\" data-align=\"left\">Beratung zu Bus und Bahn \/ Fahrangebote<\/td><\/tr><tr><td class=\"has-text-align-left\" data-align=\"left\">Tarifberatung<\/td><td class=\"has-text-align-left\" data-align=\"left\">Beratung zu allen Tarifangeboten von Bartickets bis Jahreskarten<\/td><\/tr><tr><td class=\"has-text-align-left\" data-align=\"left\">eTicket<\/td><td class=\"has-text-align-left\" data-align=\"left\">Ersatzkarte, Neubespielung <\/td><\/tr><tr><td class=\"has-text-align-left\" data-align=\"left\">Freizeit \/ Tourismus<\/td><td class=\"has-text-align-left\" data-align=\"left\">Beratung zu Freizeit und Tourismus mit Bus und Bahn <\/td><\/tr><tr><td class=\"has-text-align-left\" data-align=\"left\">Umtausch \/ R\u00fccknahme<\/td><td class=\"has-text-align-left\" data-align=\"left\">Fahrkartenerstattung, Erstattung bei Automatenst\u00f6rung<\/td><\/tr><tr><td class=\"has-text-align-left\" data-align=\"left\">ABO Sch\u00fcler Senioren<\/td><td class=\"has-text-align-left\" data-align=\"left\">Alles was mit VAS zu tun hat<\/td><\/tr><tr><td class=\"has-text-align-left\" data-align=\"left\">Kundenkarte<\/td><td class=\"has-text-align-left\" data-align=\"left\">Ausstellung Kundenkarte<\/td><\/tr><tr><td class=\"has-text-align-left\" data-align=\"left\">EBE<\/td><td class=\"has-text-align-left\" data-align=\"left\">Alle Punkte zum erh\u00f6hten Bef\u00f6rderungentgelt (EBE)<\/td><\/tr><tr><td class=\"has-text-align-left\" data-align=\"left\">Beschwerde<\/td><td class=\"has-text-align-left\" data-align=\"left\">Aufnahme oder R\u00fcckfrage zu Beschwerdevorgang<\/td><\/tr><tr><td class=\"has-text-align-left\" data-align=\"left\">RMV-10min Garantie<\/td><td class=\"has-text-align-left\" data-align=\"left\">Beratung und Erstattung<\/td><\/tr><tr><td class=\"has-text-align-left\" data-align=\"left\">Anfrage andere VU&#8217;s<\/td><td class=\"has-text-align-left\" data-align=\"left\">Anfragen zur Leistung anderer Verkehrsunternehmen (DB, MVG)<\/td><\/tr><tr><td class=\"has-text-align-left\" data-align=\"left\">Car-Sharing<\/td><td class=\"has-text-align-left\" data-align=\"left\">Alle Car-Sharing-Anbieter<\/td><\/tr><tr><td class=\"has-text-align-left\" data-align=\"left\">Merchandise<\/td><td class=\"has-text-align-left\" data-align=\"left\">Anfrage und Verkauf von Merchandise-Artikeln<\/td><\/tr><tr><td class=\"has-text-align-left\" data-align=\"left\">WI15<\/td><td class=\"has-text-align-left\" data-align=\"left\">Beratung und Verkauf<\/td><\/tr><tr><td class=\"has-text-align-left\" data-align=\"left\">Deutschland-Ticket<\/td><td class=\"has-text-align-left\" data-align=\"left\">Beratung und Verkauf<\/td><\/tr><tr><td class=\"has-text-align-left\" data-align=\"left\">Ticket-App<\/td><td class=\"has-text-align-left\" data-align=\"left\">Informationen rund um die ESWE-App<\/td><\/tr><tr><td class=\"has-text-align-left\" data-align=\"left\">Sonstiges<\/td><td class=\"has-text-align-left\" data-align=\"left\">Wenn keine der oben genannten Themen passt<\/td><\/tr><tr><td class=\"has-text-align-left\" data-align=\"left\"><\/td><td class=\"has-text-align-left\" data-align=\"left\"><\/td><\/tr><\/tbody><\/table><\/figure>\n","protected":false},"excerpt":{"rendered":"<p>Wie entscheide ich mich f\u00fcr die richtige Kundenkontaktart in den Strichlisten? Kundenkontaktart Beschreibung Ticketverkauf Alle verkauften Bartickets St\u00f6rungen \/ Versp\u00e4tungen Ausk\u00fcnfte zu St\u00f6rungen und Versp\u00e4tungen im Busangebot Fundsachen Anfragen zu Fundsachen Fahrplanauskunft Beratung zu Bus und Bahn \/ Fahrangebote Tarifberatung Beratung zu allen Tarifangeboten von Bartickets bis Jahreskarten eTicket Ersatzkarte, Neubespielung Freizeit \/ Tourismus Beratung&hellip;&nbsp;<a href=\"https:\/\/eswe-plattform.kirschkonkret.de\/?page_id=140\" rel=\"bookmark\">Weiterlesen &raquo;<span class=\"screen-reader-text\">Hilfestellung<\/span><\/a><\/p>\n","protected":false},"author":1,"featured_media":0,"parent":0,"menu_order":0,"comment_status":"closed","ping_status":"closed","template":"","meta":{"neve_meta_sidebar":"full-width","neve_meta_container":"","neve_meta_enable_content_width":"on","neve_meta_content_width":100,"neve_meta_title_alignment":"","neve_meta_author_avatar":"","neve_post_elements_order":"","neve_meta_disable_header":"","neve_meta_disable_footer":"","neve_meta_disable_title":"","footnotes":""},"class_list":["post-140","page","type-page","status-publish","hentry"],"_links":{"self":[{"href":"https:\/\/eswe-plattform.kirschkonkret.de\/index.php?rest_route=\/wp\/v2\/pages\/140","targetHints":{"allow":["GET"]}}],"collection":[{"href":"https:\/\/eswe-plattform.kirschkonkret.de\/index.php?rest_route=\/wp\/v2\/pages"}],"about":[{"href":"https:\/\/eswe-plattform.kirschkonkret.de\/index.php?rest_route=\/wp\/v2\/types\/page"}],"author":[{"embeddable":true,"href":"https:\/\/eswe-plattform.kirschkonkret.de\/index.php?rest_route=\/wp\/v2\/users\/1"}],"replies":[{"embeddable":true,"href":"https:\/\/eswe-plattform.kirschkonkret.de\/index.php?rest_route=%2Fwp%2Fv2%2Fcomments&post=140"}],"version-history":[{"count":6,"href":"https:\/\/eswe-plattform.kirschkonkret.de\/index.php?rest_route=\/wp\/v2\/pages\/140\/revisions"}],"predecessor-version":[{"id":315,"href":"https:\/\/eswe-plattform.kirschkonkret.de\/index.php?rest_route=\/wp\/v2\/pages\/140\/revisions\/315"}],"wp:attachment":[{"href":"https:\/\/eswe-plattform.kirschkonkret.de\/index.php?rest_route=%2Fwp%2Fv2%2Fmedia&parent=140"}],"curies":[{"name":"wp","href":"https:\/\/api.w.org\/{rel}","templated":true}]}}